{"id":56,"date":"2019-08-16T07:50:33","date_gmt":"2019-08-16T05:50:33","guid":{"rendered":"http:\/\/yoga-traditionnel-binche.be\/?page_id=56"},"modified":"2019-08-19T21:09:13","modified_gmt":"2019-08-19T19:09:13","slug":"la-ligue","status":"publish","type":"page","link":"https:\/\/yoga-traditionnel-binche.be\/?page_id=56","title":{"rendered":"La Ligue"},"content":{"rendered":"\n<p><a href=\"http:\/\/yogaligue.be\/\" target=\"_blank\" rel=\"noreferrer noopener\" aria-label=\"La Ligue francophone de Hatha Yoga (s\u2019ouvre dans un nouvel onglet)\">La Ligue francophone de Hatha Yoga<\/a> a \u00e9t\u00e9 fond\u00e9e \u00e0 Li\u00e8ge en janvier 1971. Sur l&#8217;initiative de Sri Mahesh, en 1979, l&#8217;\u00e9cole de formation et d&#8217;approfondissement de la Ligue a \u00e9t\u00e9 cr\u00e9\u00e9e pour pouvoir former des enseignants qualifi\u00e9s dans la  transmission du Yoga traditionnel. Depuis octobre 2010, la LFHY est li\u00e9e  par convention de partenariat \u00e0 la F\u00e9d\u00e9ration Fran\u00e7aise de Hatha Yoga. <\/p>\n\n\n\n<p>La Ligue francophone de Hatha Yoga  s&#8217;interdit toute prise de position \u00e0 caract\u00e8re politique ou confessionnel ainsi que l&#8217;enseignement du Hatha Yoga dans un but th\u00e9rapeutique.<\/p>\n","protected":false},"excerpt":{"rendered":"<p>La Ligue francophone de Hatha Yoga a \u00e9t\u00e9 fond\u00e9e \u00e0 Li\u00e8ge en janvier 1971. Sur l&#8217;initiative de Sri Mahesh, en 1979, l&#8217;\u00e9cole de formation et d&#8217;approfondissement de la Ligue a \u00e9t\u00e9 cr\u00e9\u00e9e pour pouvoir former des enseignants qualifi\u00e9s dans la transmission du Yoga traditionnel. Depuis octobre 2010, la LFHY est li\u00e9e par convention de partenariat [&hellip;]<\/p>\n","protected":false},"author":1,"featured_media":0,"parent":0,"menu_order":0,"comment_status":"closed","ping_status":"closed","template":"","meta":[],"_links":{"self":[{"href":"https:\/\/yoga-traditionnel-binche.be\/index.php?rest_route=\/wp\/v2\/pages\/56"}],"collection":[{"href":"https:\/\/yoga-traditionnel-binche.be\/index.php?rest_route=\/wp\/v2\/pages"}],"about":[{"href":"https:\/\/yoga-traditionnel-binche.be\/index.php?rest_route=\/wp\/v2\/types\/page"}],"author":[{"embeddable":true,"href":"https:\/\/yoga-traditionnel-binche.be\/index.php?rest_route=\/wp\/v2\/users\/1"}],"replies":[{"embeddable":true,"href":"https:\/\/yoga-traditionnel-binche.be\/index.php?rest_route=%2Fwp%2Fv2%2Fcomments&post=56"}],"version-history":[{"count":3,"href":"https:\/\/yoga-traditionnel-binche.be\/index.php?rest_route=\/wp\/v2\/pages\/56\/revisions"}],"predecessor-version":[{"id":78,"href":"https:\/\/yoga-traditionnel-binche.be\/index.php?rest_route=\/wp\/v2\/pages\/56\/revisions\/78"}],"wp:attachment":[{"href":"https:\/\/yoga-traditionnel-binche.be\/index.php?rest_route=%2Fwp%2Fv2%2Fmedia&parent=56"}],"curies":[{"name":"wp","href":"https:\/\/api.w.org\/{rel}","templated":true}]}}