{"id":2,"date":"2019-08-15T16:09:45","date_gmt":"2019-08-15T14:09:45","guid":{"rendered":"http:\/\/yoga-traditionnel-binche.be\/?page_id=2"},"modified":"2025-10-24T15:33:37","modified_gmt":"2025-10-24T13:33:37","slug":"page-d-exemple","status":"publish","type":"page","link":"https:\/\/yoga-traditionnel-binche.be\/?page_id=2","title":{"rendered":"En pratique&#8230;"},"content":{"rendered":"\n<div class=\"wp-block-image\"><figure class=\"aligncenter is-resized\"><img loading=\"lazy\" src=\"http:\/\/yoga-traditionnel-binche.be\/wp-content\/uploads\/2019\/08\/Toile-1024x466.png\" alt=\"\" class=\"wp-image-22\" width=\"508\" height=\"231\" srcset=\"https:\/\/yoga-traditionnel-binche.be\/wp-content\/uploads\/2019\/08\/Toile-1024x466.png 1024w, https:\/\/yoga-traditionnel-binche.be\/wp-content\/uploads\/2019\/08\/Toile-300x136.png 300w, https:\/\/yoga-traditionnel-binche.be\/wp-content\/uploads\/2019\/08\/Toile-768x349.png 768w, https:\/\/yoga-traditionnel-binche.be\/wp-content\/uploads\/2019\/08\/Toile-1568x713.png 1568w, https:\/\/yoga-traditionnel-binche.be\/wp-content\/uploads\/2019\/08\/Toile.png 1874w\" sizes=\"(max-width: 508px) 100vw, 508px\" \/><\/figure><\/div>\n\n\n\n<p class=\"has-text-align-center\"><br><\/p>\n\n\n\n<h3>Adresse<\/h3>\n\n\n\n<p>Lieu du cours&nbsp;: avenue Marie-Jos\u00e9, la porte en bois entre le n\u00b03 et le n\u00b05 \u2013 7130 Binche<br>T\u00e9l\u00e9phone : 064 \/ 33 25 92 OU 0479\/39 95 64<\/p>\n\n\n\n<h3><br>Horaires<\/h3>\n\n\n\n<p><\/p>\n\n\n\n<p><strong>Le mardi : de 19 h 30 \u00e0 20 h 45 (hata yoga*) <\/strong> <br><strong>Le mercredi : de 19 h 30 \u00e0 20 h 45<\/strong> <strong>(hata yoga*)<\/strong> <strong> <br>Le jeudi : de 9 h 00 \u00e0 10 h 15 (hata yoga*)<\/strong> <strong>et de 19 h 00 \u00e0 20 h 45 (hata yoga* + yoga nidra**)<\/strong><br>* Hata yoga : pratique posturale  &#8211; ** Yoga nidra : relaxation profonde.<br><\/p>\n\n\n\n<h3><br>Tarifs<\/h3>\n\n\n\n<p>Le cours d&#8217;1 h 15&nbsp;: 10 \u20ac  &#8211; le cours d&#8217; 1 h 45&nbsp;: 12 \u20ac<br>La carte de 5 s\u00e9ances d&#8217;1 h 15 : 45 \u20ac<br>La carte de 5 s\u00e9ances d&#8217;1 h 45 : 50 \u20ac<\/p>\n\n\n\n<p>Assurance + droit d&#8217;inscription pour l&#8217;ann\u00e9e acad\u00e9mique (obligatoires) : 10 \u20ac   <br>Ce montant sera demand\u00e9 pour le premier cours d&#8217;essai ou lors de votre premier cours de l&#8217;ann\u00e9e acad\u00e9mique. <\/p>\n\n\n\n<p>\nUn formulaire \u00e0 faire remplir par votre m\u00e9decin sera \u00e0 votre disposition.\n\n<\/p>\n\n\n\n<h3><br>A prendre&#8230;<\/h3>\n\n\n\n<p>Une tenue dans laquelle vous \u00eates \u00e0 l&#8217;aise, sans \u00eatre g\u00ean\u00e9 dans les mouvements. <br>Un drap de bain pour prot\u00e9ger les tapis de la salle.<\/p>\n\n\n\n<p>&nbsp;&nbsp;&nbsp;&nbsp;&nbsp;&nbsp;&nbsp;&nbsp;&nbsp;&nbsp;&nbsp;&nbsp;&nbsp;&nbsp;&nbsp;&nbsp;&nbsp;&nbsp;&nbsp; <\/p>\n","protected":false},"excerpt":{"rendered":"<p>Adresse Lieu du cours&nbsp;: avenue Marie-Jos\u00e9, la porte en bois entre le n\u00b03 et le n\u00b05 \u2013 7130 BincheT\u00e9l\u00e9phone : 064 \/ 33 25 92 OU 0479\/39 95 64 Horaires Le mardi : de 19 h 30 \u00e0 20 h 45 (hata yoga*) Le mercredi : de 19 h 30 \u00e0 20 h 45 (hata [&hellip;]<\/p>\n","protected":false},"author":1,"featured_media":0,"parent":0,"menu_order":0,"comment_status":"closed","ping_status":"open","template":"","meta":[],"_links":{"self":[{"href":"https:\/\/yoga-traditionnel-binche.be\/index.php?rest_route=\/wp\/v2\/pages\/2"}],"collection":[{"href":"https:\/\/yoga-traditionnel-binche.be\/index.php?rest_route=\/wp\/v2\/pages"}],"about":[{"href":"https:\/\/yoga-traditionnel-binche.be\/index.php?rest_route=\/wp\/v2\/types\/page"}],"author":[{"embeddable":true,"href":"https:\/\/yoga-traditionnel-binche.be\/index.php?rest_route=\/wp\/v2\/users\/1"}],"replies":[{"embeddable":true,"href":"https:\/\/yoga-traditionnel-binche.be\/index.php?rest_route=%2Fwp%2Fv2%2Fcomments&post=2"}],"version-history":[{"count":38,"href":"https:\/\/yoga-traditionnel-binche.be\/index.php?rest_route=\/wp\/v2\/pages\/2\/revisions"}],"predecessor-version":[{"id":111,"href":"https:\/\/yoga-traditionnel-binche.be\/index.php?rest_route=\/wp\/v2\/pages\/2\/revisions\/111"}],"wp:attachment":[{"href":"https:\/\/yoga-traditionnel-binche.be\/index.php?rest_route=%2Fwp%2Fv2%2Fmedia&parent=2"}],"curies":[{"name":"wp","href":"https:\/\/api.w.org\/{rel}","templated":true}]}}