{"id":12,"date":"2019-08-15T17:56:46","date_gmt":"2019-08-15T15:56:46","guid":{"rendered":"http:\/\/yoga-traditionnel-binche.be\/?page_id=12"},"modified":"2019-09-01T08:48:41","modified_gmt":"2019-09-01T06:48:41","slug":"votre-professeur","status":"publish","type":"page","link":"https:\/\/yoga-traditionnel-binche.be\/?page_id=12","title":{"rendered":"Votre professeur"},"content":{"rendered":"\n<div class=\"wp-block-media-text alignwide\" style=\"grid-template-columns:24% auto\"><figure class=\"wp-block-media-text__media\"><img loading=\"lazy\" width=\"576\" height=\"1024\" src=\"http:\/\/yoga-traditionnel-binche.be\/wp-content\/uploads\/2019\/08\/Marionnette-3D-1-576x1024.png\" alt=\"\" class=\"wp-image-65\" srcset=\"https:\/\/yoga-traditionnel-binche.be\/wp-content\/uploads\/2019\/08\/Marionnette-3D-1-576x1024.png 576w, https:\/\/yoga-traditionnel-binche.be\/wp-content\/uploads\/2019\/08\/Marionnette-3D-1-169x300.png 169w, https:\/\/yoga-traditionnel-binche.be\/wp-content\/uploads\/2019\/08\/Marionnette-3D-1-768x1365.png 768w, https:\/\/yoga-traditionnel-binche.be\/wp-content\/uploads\/2019\/08\/Marionnette-3D-1-624x1109.png 624w, https:\/\/yoga-traditionnel-binche.be\/wp-content\/uploads\/2019\/08\/Marionnette-3D-1.png 1080w\" sizes=\"(max-width: 576px) 100vw, 576px\" \/><\/figure><div class=\"wp-block-media-text__content\">\n<p> Christiane Castermans donne des cours de yoga depuis 1993. <\/p>\n\n\n\n<p>Elle a commenc\u00e9 sa formation en 1989 \u00e0 la <a href=\"http:\/\/yoga-traditionnel-binche.be\/?page_id=56\">Ligue francophone de Hatha yoga<\/a>. Dipl\u00f4m\u00e9e en 1994, elle suit la formation continue tous les mois depuis lors.  <\/p>\n\n\n\n<p>Parall\u00e8lement, elle a suivi les cours mensuels (pendant 17 ans) \u00e0 la  F\u00e9d\u00e9ration fran\u00e7aise de Hata yoga. Ces cours,  donn\u00e9s par Sri Mahesh, formaient les futurs professeurs. Christiane a suivi deux formations sp\u00e9cialis\u00e9es de yoga enfants et yoga 3\u00e8me \u00e2ge ainsi que de nombreux stages \u00e0 la F\u00e9d\u00e9ration fran\u00e7aise de Hata yoga . <\/p>\n\n\n\n<p>Christiane fait partie du conseil p\u00e9dagogique de l&#8217;\u00e9cole qui forme les futurs professeurs.    <\/p>\n<\/div><\/div>\n","protected":false},"excerpt":{"rendered":"<p>Christiane Castermans donne des cours de yoga depuis 1993. Elle a commenc\u00e9 sa formation en 1989 \u00e0 la Ligue francophone de Hatha yoga. Dipl\u00f4m\u00e9e en 1994, elle suit la formation continue tous les mois depuis lors. Parall\u00e8lement, elle a suivi les cours mensuels (pendant 17 ans) \u00e0 la F\u00e9d\u00e9ration fran\u00e7aise de Hata yoga. Ces cours, [&hellip;]<\/p>\n","protected":false},"author":1,"featured_media":0,"parent":0,"menu_order":0,"comment_status":"closed","ping_status":"closed","template":"","meta":[],"_links":{"self":[{"href":"https:\/\/yoga-traditionnel-binche.be\/index.php?rest_route=\/wp\/v2\/pages\/12"}],"collection":[{"href":"https:\/\/yoga-traditionnel-binche.be\/index.php?rest_route=\/wp\/v2\/pages"}],"about":[{"href":"https:\/\/yoga-traditionnel-binche.be\/index.php?rest_route=\/wp\/v2\/types\/page"}],"author":[{"embeddable":true,"href":"https:\/\/yoga-traditionnel-binche.be\/index.php?rest_route=\/wp\/v2\/users\/1"}],"replies":[{"embeddable":true,"href":"https:\/\/yoga-traditionnel-binche.be\/index.php?rest_route=%2Fwp%2Fv2%2Fcomments&post=12"}],"version-history":[{"count":8,"href":"https:\/\/yoga-traditionnel-binche.be\/index.php?rest_route=\/wp\/v2\/pages\/12\/revisions"}],"predecessor-version":[{"id":83,"href":"https:\/\/yoga-traditionnel-binche.be\/index.php?rest_route=\/wp\/v2\/pages\/12\/revisions\/83"}],"wp:attachment":[{"href":"https:\/\/yoga-traditionnel-binche.be\/index.php?rest_route=%2Fwp%2Fv2%2Fmedia&parent=12"}],"curies":[{"name":"wp","href":"https:\/\/api.w.org\/{rel}","templated":true}]}}