{"id":11,"date":"2019-08-15T17:57:05","date_gmt":"2019-08-15T15:57:05","guid":{"rendered":"http:\/\/yoga-traditionnel-binche.be\/?page_id=11"},"modified":"2019-08-16T08:31:37","modified_gmt":"2019-08-16T06:31:37","slug":"accueil","status":"publish","type":"page","link":"https:\/\/yoga-traditionnel-binche.be\/","title":{"rendered":"Accueil"},"content":{"rendered":"\n<div class=\"wp-block-image\"><figure class=\"aligncenter is-resized\"><img loading=\"lazy\" src=\"http:\/\/yoga-traditionnel-binche.be\/wp-content\/uploads\/2019\/08\/Elephant-Trois-1024x270.png\" alt=\"\" class=\"wp-image-26\" width=\"561\" height=\"147\" srcset=\"https:\/\/yoga-traditionnel-binche.be\/wp-content\/uploads\/2019\/08\/Elephant-Trois-1024x270.png 1024w, https:\/\/yoga-traditionnel-binche.be\/wp-content\/uploads\/2019\/08\/Elephant-Trois-300x79.png 300w, https:\/\/yoga-traditionnel-binche.be\/wp-content\/uploads\/2019\/08\/Elephant-Trois-768x202.png 768w, https:\/\/yoga-traditionnel-binche.be\/wp-content\/uploads\/2019\/08\/Elephant-Trois-1568x413.png 1568w\" sizes=\"(max-width: 561px) 100vw, 561px\" \/><\/figure><\/div>\n\n\n\n<p>Le Yoga est une tradition indienne, science du corps et de\nl&#8217;esprit.<\/p>\n\n\n\n<p>Dans la pratique, la s\u00e9ance de yoga se compose d&#8217;une multitude d&#8217;exercices et de techniques&nbsp;: la pratique des \u00ab&nbsp;\u00e2sana&nbsp;\u00bb (postures) coordonn\u00e9es aux exercices respiratoires \u00ab&nbsp;pr\u00e2n\u00e2y\u00e2ma&nbsp;\u00bb et du yoga \u00ab&nbsp;nidr\u00e2&nbsp;\u00bb (relaxation).<\/p>\n\n\n\n<p>Le Yoga, outre son effet sur le corps (souplesse, meilleure mobilit\u00e9, am\u00e9lioration des fonctions vitales), travaille \u00e9galement sur les mouvements psychiques (am\u00e9liore la concentration et apporte une grande d\u00e9tente) avec comme aboutissement un silence int\u00e9rieur et la m\u00e9ditation.<\/p>\n","protected":false},"excerpt":{"rendered":"<p>Le Yoga est une tradition indienne, science du corps et de l&#8217;esprit. Dans la pratique, la s\u00e9ance de yoga se compose d&#8217;une multitude d&#8217;exercices et de techniques&nbsp;: la pratique des \u00ab&nbsp;\u00e2sana&nbsp;\u00bb (postures) coordonn\u00e9es aux exercices respiratoires \u00ab&nbsp;pr\u00e2n\u00e2y\u00e2ma&nbsp;\u00bb et du yoga \u00ab&nbsp;nidr\u00e2&nbsp;\u00bb (relaxation). Le Yoga, outre son effet sur le corps (souplesse, meilleure mobilit\u00e9, am\u00e9lioration des [&hellip;]<\/p>\n","protected":false},"author":1,"featured_media":0,"parent":0,"menu_order":0,"comment_status":"closed","ping_status":"closed","template":"","meta":[],"_links":{"self":[{"href":"https:\/\/yoga-traditionnel-binche.be\/index.php?rest_route=\/wp\/v2\/pages\/11"}],"collection":[{"href":"https:\/\/yoga-traditionnel-binche.be\/index.php?rest_route=\/wp\/v2\/pages"}],"about":[{"href":"https:\/\/yoga-traditionnel-binche.be\/index.php?rest_route=\/wp\/v2\/types\/page"}],"author":[{"embeddable":true,"href":"https:\/\/yoga-traditionnel-binche.be\/index.php?rest_route=\/wp\/v2\/users\/1"}],"replies":[{"embeddable":true,"href":"https:\/\/yoga-traditionnel-binche.be\/index.php?rest_route=%2Fwp%2Fv2%2Fcomments&post=11"}],"version-history":[{"count":4,"href":"https:\/\/yoga-traditionnel-binche.be\/index.php?rest_route=\/wp\/v2\/pages\/11\/revisions"}],"predecessor-version":[{"id":72,"href":"https:\/\/yoga-traditionnel-binche.be\/index.php?rest_route=\/wp\/v2\/pages\/11\/revisions\/72"}],"wp:attachment":[{"href":"https:\/\/yoga-traditionnel-binche.be\/index.php?rest_route=%2Fwp%2Fv2%2Fmedia&parent=11"}],"curies":[{"name":"wp","href":"https:\/\/api.w.org\/{rel}","templated":true}]}}